{"id":701,"date":"2023-05-07T11:07:29","date_gmt":"2023-05-07T11:07:29","guid":{"rendered":"https:\/\/royalpalacehotel.biz\/?page_id=701"},"modified":"2023-05-22T12:31:24","modified_gmt":"2023-05-22T12:31:24","slug":"conference-center","status":"publish","type":"page","link":"https:\/\/royalpalacehotel.biz\/fr\/conference-center\/","title":{"rendered":"Salle de Conf\u00e9rence"},"content":{"rendered":"<div data-elementor-type=\"wp-page\" data-elementor-id=\"701\" class=\"elementor elementor-701\">\n\t\t\t\t\t\t\t\t\t<section class=\"elementor-section elementor-top-section elementor-element elementor-element-687b286 elementor-section-full_width elementor-section-height-default elementor-section-height-default\" data-id=\"687b286\" data-element_type=\"section\">\n\t\t\t\t\t\t<div class=\"elementor-container elementor-column-gap-no\">\n\t\t\t\t\t<div class=\"elementor-column elementor-col-100 elementor-top-column elementor-element elementor-element-9257f3e\" data-id=\"9257f3e\" data-element_type=\"column\">\n\t\t\t<div class=\"elementor-widget-wrap elementor-element-populated\">\n\t\t\t\t\t\t\t\t<div class=\"elementor-element elementor-element-c570b07 elementor-widget elementor-widget-Elementor_video_two\" data-id=\"c570b07\" data-element_type=\"widget\" data-widget_type=\"Elementor_video_two.default\">\n\t\t\t\t<div class=\"elementor-widget-container\">\n\t\t\t<!-- video-area -->\r\n<section id=\"video\" class=\"video-area pt-150 pb-150 p-relative\" style=\"background-image:url('https:\/\/royalpalacehotel.biz\/wp-content\/uploads\/2023\/05\/Confere.jpg'); background-repeat: no-repeat; background-position: center bottom; background-size:cover;\">    \r\n    <div class=\"container\">                   \r\n         <div class=\"row\">\r\n            <div class=\"col-12\">\r\n                <div class=\"s-video-wrap\">\r\n                    <div class=\"s-video-content\">\r\n                      <a href=\"\" class=\"popup-video mb-50\"><img decoding=\"async\" src=\"\" alt=\"\"><\/a>\r\n                    <\/div>\r\n                <\/div>\r\n                <div class=\"section-title center-align text-center\">\r\n                    <h2><\/h2>\r\n                <\/div>\r\n            <\/div>\r\n\r\n        <\/div>\r\n    <\/div>\r\n<\/section>\r\n<!-- video-area-end -->\t\t<\/div>\n\t\t\t\t<\/div>\n\t\t\t\t\t<\/div>\n\t\t<\/div>\n\t\t\t\t\t\t\t<\/div>\n\t\t<\/section>\n\t\t\t\t<section class=\"elementor-section elementor-top-section elementor-element elementor-element-d2c15da elementor-section-boxed elementor-section-height-default elementor-section-height-default\" data-id=\"d2c15da\" data-element_type=\"section\">\n\t\t\t\t\t\t<div class=\"elementor-container elementor-column-gap-default\">\n\t\t\t\t\t<div class=\"elementor-column elementor-col-100 elementor-top-column elementor-element elementor-element-253eb6e\" data-id=\"253eb6e\" data-element_type=\"column\">\n\t\t\t<div class=\"elementor-widget-wrap elementor-element-populated\">\n\t\t\t\t\t\t\t\t<div class=\"elementor-element elementor-element-bac2d7b elementor-widget elementor-widget-heading\" data-id=\"bac2d7b\" data-element_type=\"widget\" data-widget_type=\"heading.default\">\n\t\t\t\t<div class=\"elementor-widget-container\">\n\t\t\t<style>\/*! elementor - v3.12.2 - 23-04-2023 *\/\n.elementor-heading-title{padding:0;margin:0;line-height:1}.elementor-widget-heading .elementor-heading-title[class*=elementor-size-]>a{color:inherit;font-size:inherit;line-height:inherit}.elementor-widget-heading .elementor-heading-title.elementor-size-small{font-size:15px}.elementor-widget-heading .elementor-heading-title.elementor-size-medium{font-size:19px}.elementor-widget-heading .elementor-heading-title.elementor-size-large{font-size:29px}.elementor-widget-heading .elementor-heading-title.elementor-size-xl{font-size:39px}.elementor-widget-heading .elementor-heading-title.elementor-size-xxl{font-size:59px}<\/style><h2 class=\"elementor-heading-title elementor-size-default\">Le principal lieu d'\u00e9v\u00e9nements \u00e0 Bujumbura<\/h2>\t\t<\/div>\n\t\t\t\t<\/div>\n\t\t\t\t\t<\/div>\n\t\t<\/div>\n\t\t\t\t\t\t\t<\/div>\n\t\t<\/section>\n\t\t\t\t<section class=\"elementor-section elementor-top-section elementor-element elementor-element-ce3794d elementor-section-boxed elementor-section-height-default elementor-section-height-default\" data-id=\"ce3794d\" data-element_type=\"section\">\n\t\t\t\t\t\t<div class=\"elementor-container elementor-column-gap-default\">\n\t\t\t\t\t<div class=\"elementor-column elementor-col-100 elementor-top-column elementor-element elementor-element-72cd3ed\" data-id=\"72cd3ed\" data-element_type=\"column\">\n\t\t\t<div class=\"elementor-widget-wrap elementor-element-populated\">\n\t\t\t\t\t\t\t\t<section class=\"elementor-section elementor-inner-section elementor-element elementor-element-a1bc881 elementor-section-boxed elementor-section-height-default elementor-section-height-default\" data-id=\"a1bc881\" data-element_type=\"section\">\n\t\t\t\t\t\t<div class=\"elementor-container elementor-column-gap-default\">\n\t\t\t\t\t<div class=\"elementor-column elementor-col-100 elementor-inner-column elementor-element elementor-element-18cde60\" data-id=\"18cde60\" data-element_type=\"column\">\n\t\t\t<div class=\"elementor-widget-wrap elementor-element-populated\">\n\t\t\t\t\t\t\t\t<div class=\"elementor-element elementor-element-7c37be3 elementor-widget elementor-widget-text-editor\" data-id=\"7c37be3\" data-element_type=\"widget\" data-widget_type=\"text-editor.default\">\n\t\t\t\t<div class=\"elementor-widget-container\">\n\t\t\t<style>\/*! elementor - v3.12.2 - 23-04-2023 *\/\n.elementor-widget-text-editor.elementor-drop-cap-view-stacked .elementor-drop-cap{background-color:#69727d;color:#fff}.elementor-widget-text-editor.elementor-drop-cap-view-framed .elementor-drop-cap{color:#69727d;border:3px solid;background-color:transparent}.elementor-widget-text-editor:not(.elementor-drop-cap-view-default) .elementor-drop-cap{margin-top:8px}.elementor-widget-text-editor:not(.elementor-drop-cap-view-default) .elementor-drop-cap-letter{width:1em;height:1em}.elementor-widget-text-editor .elementor-drop-cap{float:left;text-align:center;line-height:1;font-size:50px}.elementor-widget-text-editor .elementor-drop-cap-letter{display:inline-block}<\/style>\t\t\t\t<div id=\"comp-k9mao9zl\" class=\"BaOVQ8 tz5f0K comp-k9mao9zl wixui-rich-text\" data-testid=\"richTextElement\"><p class=\"font_8 wixui-rich-text__text\"><span class=\"wixui-rich-text__text\">Le Royal Palace Conference Center est le lieu d'\u00e9v\u00e9nements le plus important de Bujumbura, offrant un environnement de premi\u00e8re qualit\u00e9 pour les conventions r\u00e9gionales et internationales, les r\u00e9unions et autres \u00e9v\u00e9nements. <\/span>Nous disposons de plusieurs cat\u00e9gories de salles de conf\u00e9rence en fonction de leur nombre de places :<\/p><\/div><div id=\"comp-k9mb3dq7\" class=\"BaOVQ8 tz5f0K comp-k9mb3dq7 wixui-rich-text\" data-testid=\"richTextElement\"><ul><li class=\"font_8 wixui-rich-text__text\"><span class=\"wixui-rich-text__text\">1 Plus grande salle de conf\u00e9rence : 500 places<\/span><\/li><li class=\"font_8 wixui-rich-text__text\"><span class=\"wixui-rich-text__text\">2 salles de conf\u00e9rence : 150 places<\/span><\/li><li class=\"font_8 wixui-rich-text__text\"><span class=\"wixui-rich-text__text\">1 salle de conf\u00e9rence : 50 places<\/span><\/li><li class=\"font_8 wixui-rich-text__text\"><span class=\"wixui-rich-text__text\">1 salle de conf\u00e9rence : 10 places\u00a0 <\/span><\/li><li class=\"font_8 wixui-rich-text__text\">Chaque salle de conf\u00e9rence contient AC, WI-FI, Flip Chart, Marker, Projector, Sound System<\/li><\/ul><\/div>\t\t\t\t\t\t<\/div>\n\t\t\t\t<\/div>\n\t\t\t\t\t<\/div>\n\t\t<\/div>\n\t\t\t\t\t\t\t<\/div>\n\t\t<\/section>\n\t\t\t\t\t<\/div>\n\t\t<\/div>\n\t\t\t\t\t\t\t<\/div>\n\t\t<\/section>\n\t\t\t\t<section class=\"elementor-section elementor-top-section elementor-element elementor-element-1804a08 elementor-section-boxed elementor-section-height-default elementor-section-height-default\" data-id=\"1804a08\" data-element_type=\"section\">\n\t\t\t\t\t\t<div class=\"elementor-container elementor-column-gap-default\">\n\t\t\t\t\t<div class=\"elementor-column elementor-col-100 elementor-top-column elementor-element elementor-element-b9ca577\" data-id=\"b9ca577\" data-element_type=\"column\">\n\t\t\t<div class=\"elementor-widget-wrap elementor-element-populated\">\n\t\t\t\t\t\t\t\t<div class=\"elementor-element elementor-element-5eeab4e gallery-spacing-custom elementor-widget elementor-widget-image-gallery\" data-id=\"5eeab4e\" data-element_type=\"widget\" data-widget_type=\"image-gallery.default\">\n\t\t\t\t<div class=\"elementor-widget-container\">\n\t\t\t<style>\/*! elementor - v3.12.2 - 23-04-2023 *\/\n.elementor-image-gallery .gallery-item{display:inline-block;text-align:center;vertical-align:top;width:100%;max-width:100%;margin:0 auto}.elementor-image-gallery .gallery-item img{margin:0 auto}.elementor-image-gallery .gallery-item .gallery-caption{margin:0}.elementor-image-gallery figure img{display:block}.elementor-image-gallery figure figcaption{width:100%}.gallery-spacing-custom .elementor-image-gallery .gallery-icon{padding:0}@media (min-width:768px){.elementor-image-gallery .gallery-columns-2 .gallery-item{max-width:50%}.elementor-image-gallery .gallery-columns-3 .gallery-item{max-width:33.33%}.elementor-image-gallery .gallery-columns-4 .gallery-item{max-width:25%}.elementor-image-gallery .gallery-columns-5 .gallery-item{max-width:20%}.elementor-image-gallery .gallery-columns-6 .gallery-item{max-width:16.666%}.elementor-image-gallery .gallery-columns-7 .gallery-item{max-width:14.28%}.elementor-image-gallery .gallery-columns-8 .gallery-item{max-width:12.5%}.elementor-image-gallery .gallery-columns-9 .gallery-item{max-width:11.11%}.elementor-image-gallery .gallery-columns-10 .gallery-item{max-width:10%}}@media (min-width:480px) and (max-width:767px){.elementor-image-gallery .gallery.gallery-columns-2 .gallery-item,.elementor-image-gallery .gallery.gallery-columns-3 .gallery-item,.elementor-image-gallery .gallery.gallery-columns-4 .gallery-item,.elementor-image-gallery .gallery.gallery-columns-5 .gallery-item,.elementor-image-gallery .gallery.gallery-columns-6 .gallery-item,.elementor-image-gallery .gallery.gallery-columns-7 .gallery-item,.elementor-image-gallery .gallery.gallery-columns-8 .gallery-item,.elementor-image-gallery .gallery.gallery-columns-9 .gallery-item,.elementor-image-gallery .gallery.gallery-columns-10 .gallery-item{max-width:50%}}@media (max-width:479px){.elementor-image-gallery .gallery.gallery-columns-2 .gallery-item,.elementor-image-gallery .gallery.gallery-columns-3 .gallery-item,.elementor-image-gallery .gallery.gallery-columns-4 .gallery-item,.elementor-image-gallery .gallery.gallery-columns-5 .gallery-item,.elementor-image-gallery .gallery.gallery-columns-6 .gallery-item,.elementor-image-gallery .gallery.gallery-columns-7 .gallery-item,.elementor-image-gallery .gallery.gallery-columns-8 .gallery-item,.elementor-image-gallery .gallery.gallery-columns-9 .gallery-item,.elementor-image-gallery .gallery.gallery-columns-10 .gallery-item{max-width:100%}}<\/style>\t\t<div class=\"elementor-image-gallery\">\n\t\t\t<div id='gallery-1' class='gallery galleryid-701 gallery-columns-2 gallery-size-full'><figure class='gallery-item'>\n\t\t\t<div class='gallery-icon landscape'>\n\t\t\t\t<img loading=\"lazy\" decoding=\"async\" width=\"2048\" height=\"1200\" src=\"https:\/\/royalpalacehotel.biz\/wp-content\/uploads\/2023\/05\/9.jpg\" class=\"attachment-full size-full\" alt=\"\" srcset=\"https:\/\/royalpalacehotel.biz\/wp-content\/uploads\/2023\/05\/9.jpg 2048w, https:\/\/royalpalacehotel.biz\/wp-content\/uploads\/2023\/05\/9-300x176.jpg 300w, https:\/\/royalpalacehotel.biz\/wp-content\/uploads\/2023\/05\/9-1024x600.jpg 1024w, https:\/\/royalpalacehotel.biz\/wp-content\/uploads\/2023\/05\/9-768x450.jpg 768w, https:\/\/royalpalacehotel.biz\/wp-content\/uploads\/2023\/05\/9-1536x900.jpg 1536w\" sizes=\"auto, (max-width: 2048px) 100vw, 2048px\" \/>\n\t\t\t<\/div><\/figure><figure class='gallery-item'>\n\t\t\t<div class='gallery-icon landscape'>\n\t\t\t\t<img loading=\"lazy\" decoding=\"async\" width=\"2048\" height=\"1200\" src=\"https:\/\/royalpalacehotel.biz\/wp-content\/uploads\/2023\/05\/10-2.jpg\" class=\"attachment-full size-full\" alt=\"\" srcset=\"https:\/\/royalpalacehotel.biz\/wp-content\/uploads\/2023\/05\/10-2.jpg 2048w, https:\/\/royalpalacehotel.biz\/wp-content\/uploads\/2023\/05\/10-2-300x176.jpg 300w, https:\/\/royalpalacehotel.biz\/wp-content\/uploads\/2023\/05\/10-2-1024x600.jpg 1024w, https:\/\/royalpalacehotel.biz\/wp-content\/uploads\/2023\/05\/10-2-768x450.jpg 768w, https:\/\/royalpalacehotel.biz\/wp-content\/uploads\/2023\/05\/10-2-1536x900.jpg 1536w\" sizes=\"auto, (max-width: 2048px) 100vw, 2048px\" \/>\n\t\t\t<\/div><\/figure><figure class='gallery-item'>\n\t\t\t<div class='gallery-icon landscape'>\n\t\t\t\t<img loading=\"lazy\" decoding=\"async\" width=\"2048\" height=\"1200\" src=\"https:\/\/royalpalacehotel.biz\/wp-content\/uploads\/2023\/05\/12-1.jpg\" class=\"attachment-full size-full\" alt=\"\" srcset=\"https:\/\/royalpalacehotel.biz\/wp-content\/uploads\/2023\/05\/12-1.jpg 2048w, https:\/\/royalpalacehotel.biz\/wp-content\/uploads\/2023\/05\/12-1-300x176.jpg 300w, https:\/\/royalpalacehotel.biz\/wp-content\/uploads\/2023\/05\/12-1-1024x600.jpg 1024w, https:\/\/royalpalacehotel.biz\/wp-content\/uploads\/2023\/05\/12-1-768x450.jpg 768w, https:\/\/royalpalacehotel.biz\/wp-content\/uploads\/2023\/05\/12-1-1536x900.jpg 1536w\" sizes=\"auto, (max-width: 2048px) 100vw, 2048px\" \/>\n\t\t\t<\/div><\/figure><figure class='gallery-item'>\n\t\t\t<div class='gallery-icon landscape'>\n\t\t\t\t<img loading=\"lazy\" decoding=\"async\" width=\"2048\" height=\"1200\" src=\"https:\/\/royalpalacehotel.biz\/wp-content\/uploads\/2023\/05\/13-1.jpg\" class=\"attachment-full size-full\" alt=\"\" srcset=\"https:\/\/royalpalacehotel.biz\/wp-content\/uploads\/2023\/05\/13-1.jpg 2048w, https:\/\/royalpalacehotel.biz\/wp-content\/uploads\/2023\/05\/13-1-300x176.jpg 300w, https:\/\/royalpalacehotel.biz\/wp-content\/uploads\/2023\/05\/13-1-1024x600.jpg 1024w, https:\/\/royalpalacehotel.biz\/wp-content\/uploads\/2023\/05\/13-1-768x450.jpg 768w, https:\/\/royalpalacehotel.biz\/wp-content\/uploads\/2023\/05\/13-1-1536x900.jpg 1536w\" sizes=\"auto, (max-width: 2048px) 100vw, 2048px\" \/>\n\t\t\t<\/div><\/figure>\n\t\t<\/div>\n\t\t<\/div>\n\t\t\t\t<\/div>\n\t\t\t\t<\/div>\n\t\t\t\t\t<\/div>\n\t\t<\/div>\n\t\t\t\t\t\t\t<\/div>\n\t\t<\/section>\n\t\t\t\t\t\t\t<\/div>","protected":false},"excerpt":{"rendered":"<p>The Leading Events Venue in Bujumbura The Royal Palace Conference Center is the no.1 event venue in Bujumbura, offering a premium environment for regional and international conventions, meetings, and other events. We have various categories of Conference rooms based on their Seats: 1 Largest Conference Room: 500 Seats 2 Conference Rooms: 150 Seats 1 Conference [&hellip;]<\/p>","protected":false},"author":1,"featured_media":0,"parent":0,"menu_order":0,"comment_status":"closed","ping_status":"closed","template":"home-page.php","meta":{"_joinchat":[],"footnotes":""},"class_list":["post-701","page","type-page","status-publish","hentry"],"_links":{"self":[{"href":"https:\/\/royalpalacehotel.biz\/fr\/wp-json\/wp\/v2\/pages\/701","targetHints":{"allow":["GET"]}}],"collection":[{"href":"https:\/\/royalpalacehotel.biz\/fr\/wp-json\/wp\/v2\/pages"}],"about":[{"href":"https:\/\/royalpalacehotel.biz\/fr\/wp-json\/wp\/v2\/types\/page"}],"author":[{"embeddable":true,"href":"https:\/\/royalpalacehotel.biz\/fr\/wp-json\/wp\/v2\/users\/1"}],"replies":[{"embeddable":true,"href":"https:\/\/royalpalacehotel.biz\/fr\/wp-json\/wp\/v2\/comments?post=701"}],"version-history":[{"count":16,"href":"https:\/\/royalpalacehotel.biz\/fr\/wp-json\/wp\/v2\/pages\/701\/revisions"}],"predecessor-version":[{"id":764,"href":"https:\/\/royalpalacehotel.biz\/fr\/wp-json\/wp\/v2\/pages\/701\/revisions\/764"}],"wp:attachment":[{"href":"https:\/\/royalpalacehotel.biz\/fr\/wp-json\/wp\/v2\/media?parent=701"}],"curies":[{"name":"wp","href":"https:\/\/api.w.org\/{rel}","templated":true}]}}