{"id":632,"date":"2023-05-06T19:18:09","date_gmt":"2023-05-06T19:18:09","guid":{"rendered":"https:\/\/royalpalacehotel.biz\/?page_id=632"},"modified":"2023-05-07T11:06:25","modified_gmt":"2023-05-07T11:06:25","slug":"restaurant","status":"publish","type":"page","link":"https:\/\/royalpalacehotel.biz\/fr\/restaurant\/","title":{"rendered":"Restaurant"},"content":{"rendered":"<div data-elementor-type=\"wp-page\" data-elementor-id=\"632\" class=\"elementor elementor-632\">\n\t\t\t\t\t\t\t\t\t<section class=\"elementor-section elementor-top-section elementor-element elementor-element-91f709c elementor-section-full_width elementor-section-height-default elementor-section-height-default\" data-id=\"91f709c\" data-element_type=\"section\">\n\t\t\t\t\t\t<div class=\"elementor-container elementor-column-gap-no\">\n\t\t\t\t\t<div class=\"elementor-column elementor-col-100 elementor-top-column elementor-element elementor-element-152b92e\" data-id=\"152b92e\" data-element_type=\"column\">\n\t\t\t<div class=\"elementor-widget-wrap elementor-element-populated\">\n\t\t\t\t\t\t\t\t<div class=\"elementor-element elementor-element-ba418a6 elementor-widget elementor-widget-Elementor-About-widget\" data-id=\"ba418a6\" data-element_type=\"widget\" data-widget_type=\"Elementor-About-widget.default\">\n\t\t\t\t<div class=\"elementor-widget-container\">\n\t\t\t <!-- feature-area -->\r\n<section class=\"feature-area2 p-relative fix\" style=\"background: #f7f5f1;\">\r\n     <div class=\"animations-02\"><img decoding=\"async\" src=\"\" alt=\"\"><\/div>\r\n    <div class=\"container\">\r\n        <div class=\"row justify-content-center align-items-center\">\r\n             <div class=\"col-lg-6 col-md-12 col-sm-12 pr-30\">\r\n               <div class=\"feature-img\">                               \r\n                     <img decoding=\"async\" src=\"https:\/\/royalpalacehotel.biz\/wp-content\/uploads\/2023\/05\/10-1.jpg\" alt=\"https:\/\/royalpalacehotel.biz\/wp-content\/uploads\/2023\/05\/10-1.jpg\" class=\"img\">              \r\n                    <\/div>\r\n            <\/div>\r\n           <div class=\"col-lg-6 col-md-12 col-sm-12\">\r\n                <div class=\"feature-content s-about-content\">\r\n                    <div class=\"feature-title pb-20\">                               \r\n                     <h5>H\u00f4tel et restaurant de luxe<\/h5>\r\n                        <h2>Profitez de votre s\u00e9jour<\/h2>      \r\n                    <\/div>\r\n                    <p>Les clients du Royal Palace Hotel peuvent \u00e9galement d\u00e9guster la cuisine locale gastronomique du restaurant de l'h\u00f4tel, dans le confort de leur luxueuse chambre. Pr\u00e9par\u00e9s \u00e0 la demande par nos chefs, les plats de notre menu sont tout aussi incroyables pour le service en chambre. Au Royal Palace Hotel, nous offrons \u00e0 nos clients des exp\u00e9riences gastronomiques exceptionnelles et une hospitalit\u00e9 personnalis\u00e9e et soign\u00e9e. D\u00e9couvrez une cuisine en constante \u00e9volution dans un cadre toujours accueillant. Buvez avec d\u00e9lice au bar. Faites votre propre menu. Laissez-vous tenter par l'exploration.<\/p>     \r\n                    <div class=\"slider-btn mt-15\">                                          \r\n                                      <a href=\"https:\/\/royalpalacehotel.biz\/fr\/contact\/\" class=\"btn ss-btn smoth-scroll\">R\u00e9server une table<\/a>\t\t\t\t\r\n                                <\/div>\r\n\r\n                <\/div>\r\n            <\/div>\r\n\r\n\r\n        <\/div>\r\n    <\/div>\r\n<\/section>\r\n<!-- feature-area-end -->\t\t<\/div>\n\t\t\t\t<\/div>\n\t\t\t\t\t<\/div>\n\t\t<\/div>\n\t\t\t\t\t\t\t<\/div>\n\t\t<\/section>\n\t\t\t\t<section class=\"elementor-section elementor-top-section elementor-element elementor-element-60b9582 elementor-section-full_width elementor-section-height-default elementor-section-height-default\" data-id=\"60b9582\" data-element_type=\"section\">\n\t\t\t\t\t\t<div class=\"elementor-container elementor-column-gap-default\">\n\t\t\t\t\t<div class=\"elementor-column elementor-col-100 elementor-top-column elementor-element elementor-element-4f99c8a\" data-id=\"4f99c8a\" data-element_type=\"column\">\n\t\t\t<div class=\"elementor-widget-wrap elementor-element-populated\">\n\t\t\t\t\t\t\t\t<div class=\"elementor-element elementor-element-57da357 gallery-spacing-custom elementor-widget elementor-widget-image-gallery\" data-id=\"57da357\" data-element_type=\"widget\" data-widget_type=\"image-gallery.default\">\n\t\t\t\t<div class=\"elementor-widget-container\">\n\t\t\t<style>\/*! elementor - v3.12.2 - 23-04-2023 *\/\n.elementor-image-gallery .gallery-item{display:inline-block;text-align:center;vertical-align:top;width:100%;max-width:100%;margin:0 auto}.elementor-image-gallery .gallery-item img{margin:0 auto}.elementor-image-gallery .gallery-item .gallery-caption{margin:0}.elementor-image-gallery figure img{display:block}.elementor-image-gallery figure figcaption{width:100%}.gallery-spacing-custom .elementor-image-gallery .gallery-icon{padding:0}@media (min-width:768px){.elementor-image-gallery .gallery-columns-2 .gallery-item{max-width:50%}.elementor-image-gallery .gallery-columns-3 .gallery-item{max-width:33.33%}.elementor-image-gallery .gallery-columns-4 .gallery-item{max-width:25%}.elementor-image-gallery .gallery-columns-5 .gallery-item{max-width:20%}.elementor-image-gallery .gallery-columns-6 .gallery-item{max-width:16.666%}.elementor-image-gallery .gallery-columns-7 .gallery-item{max-width:14.28%}.elementor-image-gallery .gallery-columns-8 .gallery-item{max-width:12.5%}.elementor-image-gallery .gallery-columns-9 .gallery-item{max-width:11.11%}.elementor-image-gallery .gallery-columns-10 .gallery-item{max-width:10%}}@media (min-width:480px) and (max-width:767px){.elementor-image-gallery .gallery.gallery-columns-2 .gallery-item,.elementor-image-gallery .gallery.gallery-columns-3 .gallery-item,.elementor-image-gallery .gallery.gallery-columns-4 .gallery-item,.elementor-image-gallery .gallery.gallery-columns-5 .gallery-item,.elementor-image-gallery .gallery.gallery-columns-6 .gallery-item,.elementor-image-gallery .gallery.gallery-columns-7 .gallery-item,.elementor-image-gallery .gallery.gallery-columns-8 .gallery-item,.elementor-image-gallery .gallery.gallery-columns-9 .gallery-item,.elementor-image-gallery .gallery.gallery-columns-10 .gallery-item{max-width:50%}}@media (max-width:479px){.elementor-image-gallery .gallery.gallery-columns-2 .gallery-item,.elementor-image-gallery .gallery.gallery-columns-3 .gallery-item,.elementor-image-gallery .gallery.gallery-columns-4 .gallery-item,.elementor-image-gallery .gallery.gallery-columns-5 .gallery-item,.elementor-image-gallery .gallery.gallery-columns-6 .gallery-item,.elementor-image-gallery .gallery.gallery-columns-7 .gallery-item,.elementor-image-gallery .gallery.gallery-columns-8 .gallery-item,.elementor-image-gallery .gallery.gallery-columns-9 .gallery-item,.elementor-image-gallery .gallery.gallery-columns-10 .gallery-item{max-width:100%}}<\/style>\t\t<div class=\"elementor-image-gallery\">\n\t\t\t<div id='gallery-1' class='gallery galleryid-632 gallery-columns-3 gallery-size-full'><figure class='gallery-item'>\n\t\t\t<div class='gallery-icon landscape'>\n\t\t\t\t<img loading=\"lazy\" decoding=\"async\" width=\"800\" height=\"700\" src=\"https:\/\/royalpalacehotel.biz\/wp-content\/uploads\/2023\/05\/12.jpg\" class=\"attachment-full size-full\" alt=\"\" srcset=\"https:\/\/royalpalacehotel.biz\/wp-content\/uploads\/2023\/05\/12.jpg 800w, https:\/\/royalpalacehotel.biz\/wp-content\/uploads\/2023\/05\/12-300x263.jpg 300w, https:\/\/royalpalacehotel.biz\/wp-content\/uploads\/2023\/05\/12-768x672.jpg 768w\" sizes=\"auto, (max-width: 800px) 100vw, 800px\" \/>\n\t\t\t<\/div><\/figure><figure class='gallery-item'>\n\t\t\t<div class='gallery-icon landscape'>\n\t\t\t\t<img loading=\"lazy\" decoding=\"async\" width=\"800\" height=\"700\" src=\"https:\/\/royalpalacehotel.biz\/wp-content\/uploads\/2023\/05\/13.jpg\" class=\"attachment-full size-full\" alt=\"\" srcset=\"https:\/\/royalpalacehotel.biz\/wp-content\/uploads\/2023\/05\/13.jpg 800w, https:\/\/royalpalacehotel.biz\/wp-content\/uploads\/2023\/05\/13-300x263.jpg 300w, https:\/\/royalpalacehotel.biz\/wp-content\/uploads\/2023\/05\/13-768x672.jpg 768w\" sizes=\"auto, (max-width: 800px) 100vw, 800px\" \/>\n\t\t\t<\/div><\/figure><figure class='gallery-item'>\n\t\t\t<div class='gallery-icon landscape'>\n\t\t\t\t<img loading=\"lazy\" decoding=\"async\" width=\"800\" height=\"700\" src=\"https:\/\/royalpalacehotel.biz\/wp-content\/uploads\/2023\/05\/14.jpg\" class=\"attachment-full size-full\" alt=\"\" srcset=\"https:\/\/royalpalacehotel.biz\/wp-content\/uploads\/2023\/05\/14.jpg 800w, https:\/\/royalpalacehotel.biz\/wp-content\/uploads\/2023\/05\/14-300x263.jpg 300w, https:\/\/royalpalacehotel.biz\/wp-content\/uploads\/2023\/05\/14-768x672.jpg 768w\" sizes=\"auto, (max-width: 800px) 100vw, 800px\" \/>\n\t\t\t<\/div><\/figure><figure class='gallery-item'>\n\t\t\t<div class='gallery-icon landscape'>\n\t\t\t\t<img loading=\"lazy\" decoding=\"async\" width=\"800\" height=\"700\" src=\"https:\/\/royalpalacehotel.biz\/wp-content\/uploads\/2023\/05\/15.jpg\" class=\"attachment-full size-full\" alt=\"\" srcset=\"https:\/\/royalpalacehotel.biz\/wp-content\/uploads\/2023\/05\/15.jpg 800w, https:\/\/royalpalacehotel.biz\/wp-content\/uploads\/2023\/05\/15-300x263.jpg 300w, https:\/\/royalpalacehotel.biz\/wp-content\/uploads\/2023\/05\/15-768x672.jpg 768w\" sizes=\"auto, (max-width: 800px) 100vw, 800px\" \/>\n\t\t\t<\/div><\/figure><figure class='gallery-item'>\n\t\t\t<div class='gallery-icon landscape'>\n\t\t\t\t<img loading=\"lazy\" decoding=\"async\" width=\"800\" height=\"700\" src=\"https:\/\/royalpalacehotel.biz\/wp-content\/uploads\/2023\/05\/16.jpg\" class=\"attachment-full size-full\" alt=\"\" srcset=\"https:\/\/royalpalacehotel.biz\/wp-content\/uploads\/2023\/05\/16.jpg 800w, https:\/\/royalpalacehotel.biz\/wp-content\/uploads\/2023\/05\/16-300x263.jpg 300w, https:\/\/royalpalacehotel.biz\/wp-content\/uploads\/2023\/05\/16-768x672.jpg 768w\" sizes=\"auto, (max-width: 800px) 100vw, 800px\" \/>\n\t\t\t<\/div><\/figure><figure class='gallery-item'>\n\t\t\t<div class='gallery-icon landscape'>\n\t\t\t\t<img loading=\"lazy\" decoding=\"async\" width=\"800\" height=\"700\" src=\"https:\/\/royalpalacehotel.biz\/wp-content\/uploads\/2023\/05\/17.jpg\" class=\"attachment-full size-full\" alt=\"\" srcset=\"https:\/\/royalpalacehotel.biz\/wp-content\/uploads\/2023\/05\/17.jpg 800w, https:\/\/royalpalacehotel.biz\/wp-content\/uploads\/2023\/05\/17-300x263.jpg 300w, https:\/\/royalpalacehotel.biz\/wp-content\/uploads\/2023\/05\/17-768x672.jpg 768w\" sizes=\"auto, (max-width: 800px) 100vw, 800px\" \/>\n\t\t\t<\/div><\/figure>\n\t\t<\/div>\n\t\t<\/div>\n\t\t\t\t<\/div>\n\t\t\t\t<\/div>\n\t\t\t\t\t<\/div>\n\t\t<\/div>\n\t\t\t\t\t\t\t<\/div>\n\t\t<\/section>\n\t\t\t\t\t\t\t<\/div>","protected":false},"excerpt":{"rendered":"","protected":false},"author":1,"featured_media":0,"parent":0,"menu_order":0,"comment_status":"closed","ping_status":"closed","template":"home-page.php","meta":{"_joinchat":[],"footnotes":""},"class_list":["post-632","page","type-page","status-publish","hentry"],"_links":{"self":[{"href":"https:\/\/royalpalacehotel.biz\/fr\/wp-json\/wp\/v2\/pages\/632","targetHints":{"allow":["GET"]}}],"collection":[{"href":"https:\/\/royalpalacehotel.biz\/fr\/wp-json\/wp\/v2\/pages"}],"about":[{"href":"https:\/\/royalpalacehotel.biz\/fr\/wp-json\/wp\/v2\/types\/page"}],"author":[{"embeddable":true,"href":"https:\/\/royalpalacehotel.biz\/fr\/wp-json\/wp\/v2\/users\/1"}],"replies":[{"embeddable":true,"href":"https:\/\/royalpalacehotel.biz\/fr\/wp-json\/wp\/v2\/comments?post=632"}],"version-history":[{"count":15,"href":"https:\/\/royalpalacehotel.biz\/fr\/wp-json\/wp\/v2\/pages\/632\/revisions"}],"predecessor-version":[{"id":700,"href":"https:\/\/royalpalacehotel.biz\/fr\/wp-json\/wp\/v2\/pages\/632\/revisions\/700"}],"wp:attachment":[{"href":"https:\/\/royalpalacehotel.biz\/fr\/wp-json\/wp\/v2\/media?parent=632"}],"curies":[{"name":"wp","href":"https:\/\/api.w.org\/{rel}","templated":true}]}}