{"id":19,"date":"2023-04-12T00:10:35","date_gmt":"2023-04-12T00:10:35","guid":{"rendered":"http:\/\/localhost\/riorelax\/?page_id=19"},"modified":"2023-05-10T09:46:09","modified_gmt":"2023-05-10T09:46:09","slug":"our-rooms","status":"publish","type":"page","link":"https:\/\/royalpalacehotel.biz\/fr\/our-rooms\/","title":{"rendered":"Chambres"},"content":{"rendered":"<div data-elementor-type=\"wp-page\" data-elementor-id=\"19\" class=\"elementor elementor-19\">\n\t\t\t\t\t\t\t\t\t<section class=\"elementor-section elementor-top-section elementor-element elementor-element-8655ccb elementor-section-full_width elementor-section-height-default elementor-section-height-default\" data-id=\"8655ccb\" data-element_type=\"section\">\n\t\t\t\t\t\t<div class=\"elementor-container elementor-column-gap-no\">\n\t\t\t\t\t<div class=\"elementor-column elementor-col-100 elementor-top-column elementor-element elementor-element-5893b72\" data-id=\"5893b72\" data-element_type=\"column\">\n\t\t\t<div class=\"elementor-widget-wrap elementor-element-populated\">\n\t\t\t\t\t\t\t\t<div class=\"elementor-element elementor-element-4849560 elementor-widget elementor-widget-Elementor-room-two-widget\" data-id=\"4849560\" data-element_type=\"widget\" data-widget_type=\"Elementor-room-two-widget.default\">\n\t\t\t\t<div class=\"elementor-widget-container\">\n\t\t\t<!-- room-area-->\r\n<section id=\"services\" class=\"services-area2 pt-120 pb-90\">\r\n    <div class=\"container\">\r\n        <div class=\"row\">\r\n              \r\n                 \r\n            <div class=\"col-xl-4 col-md-6\">\r\n                <div class=\"single-services mb-30\">\r\n                    <div class=\"services-thumb\">\r\n                        <a href=\"https:\/\/royalpalacehotel.biz\/fr\/zcroom\/standard-room\/\">\r\n                            <img loading=\"lazy\" decoding=\"async\" width=\"960\" height=\"776\" src=\"https:\/\/royalpalacehotel.biz\/wp-content\/uploads\/2023\/04\/standard-4.jpg\" class=\"attachment-post-thumbnail size-post-thumbnail wp-post-image\" alt=\"\" srcset=\"https:\/\/royalpalacehotel.biz\/wp-content\/uploads\/2023\/04\/standard-4.jpg 960w, https:\/\/royalpalacehotel.biz\/wp-content\/uploads\/2023\/04\/standard-4-300x243.jpg 300w, https:\/\/royalpalacehotel.biz\/wp-content\/uploads\/2023\/04\/standard-4-768x621.jpg 768w\" sizes=\"auto, (max-width: 960px) 100vw, 960px\" \/>                        <\/a>\r\n                    <\/div>\r\n                    <div class=\"services-content\"> \r\n                        <div class=\"day-book\">\r\n                            <ul>\r\n                                <li> 120 $\/nuit\u00e9e<\/li>\r\n                                <li><a href=\"https:\/\/royalpalacehotel.biz\/fr\/zcroom\/standard-room\/\">R\u00e9server<\/a><\/li>\r\n                            <\/ul>\r\n                        <\/div>\r\n                        <h4><a href=\"https:\/\/royalpalacehotel.biz\/fr\/zcroom\/standard-room\/\"> Chambre standard<\/a><\/h4> \r\n                       <p>Fonctionnelles et confortables. Installez-vous confortablement et profitez de l'une de nos toutes nouvelles chambres standard. <\/p>\n                        <div class=\"icon\">\r\n                            <ul>\r\n                                 <li> <img decoding=\"async\" src=\"https:\/\/royalpalacehotel.biz\/wp-content\/uploads\/2023\/04\/sve-icon1.png\" alt=\"https:\/\/royalpalacehotel.biz\/wp-content\/uploads\/2023\/04\/sve-icon1.png\"><\/li><li> <img decoding=\"async\" src=\"https:\/\/royalpalacehotel.biz\/wp-content\/uploads\/2023\/04\/sve-icon2.png\" alt=\"https:\/\/royalpalacehotel.biz\/wp-content\/uploads\/2023\/04\/sve-icon2.png\"><\/li><li> <img decoding=\"async\" src=\"https:\/\/royalpalacehotel.biz\/wp-content\/uploads\/2023\/04\/sve-icon3.png\" alt=\"https:\/\/royalpalacehotel.biz\/wp-content\/uploads\/2023\/04\/sve-icon3.png\"><\/li><li> <img decoding=\"async\" src=\"https:\/\/royalpalacehotel.biz\/wp-content\/uploads\/2023\/04\/sve-icon4.png\" alt=\"https:\/\/royalpalacehotel.biz\/wp-content\/uploads\/2023\/04\/sve-icon4.png\"><\/li><li> <img decoding=\"async\" src=\"https:\/\/royalpalacehotel.biz\/wp-content\/uploads\/2023\/04\/sve-icon5.png\" alt=\"https:\/\/royalpalacehotel.biz\/wp-content\/uploads\/2023\/04\/sve-icon5.png\"><\/li><li> <img decoding=\"async\" src=\"https:\/\/royalpalacehotel.biz\/wp-content\/uploads\/2023\/04\/sve-icon6.png\" alt=\"https:\/\/royalpalacehotel.biz\/wp-content\/uploads\/2023\/04\/sve-icon6.png\"><\/li>                            <\/ul>\r\n                        <\/div>\r\n                    <\/div>\r\n                <\/div>\r\n            <\/div>     \r\n             \r\n                 \r\n            <div class=\"col-xl-4 col-md-6\">\r\n                <div class=\"single-services mb-30\">\r\n                    <div class=\"services-thumb\">\r\n                        <a href=\"https:\/\/royalpalacehotel.biz\/fr\/zcroom\/double-room\/\">\r\n                            <img loading=\"lazy\" decoding=\"async\" width=\"960\" height=\"776\" src=\"https:\/\/royalpalacehotel.biz\/wp-content\/uploads\/2023\/04\/home-8.jpg\" class=\"attachment-post-thumbnail size-post-thumbnail wp-post-image\" alt=\"\" srcset=\"https:\/\/royalpalacehotel.biz\/wp-content\/uploads\/2023\/04\/home-8.jpg 960w, https:\/\/royalpalacehotel.biz\/wp-content\/uploads\/2023\/04\/home-8-300x243.jpg 300w, https:\/\/royalpalacehotel.biz\/wp-content\/uploads\/2023\/04\/home-8-768x621.jpg 768w\" sizes=\"auto, (max-width: 960px) 100vw, 960px\" \/>                        <\/a>\r\n                    <\/div>\r\n                    <div class=\"services-content\"> \r\n                        <div class=\"day-book\">\r\n                            <ul>\r\n                                <li> $150\/nuit\u00e9e<\/li>\r\n                                <li><a href=\"https:\/\/royalpalacehotel.biz\/fr\/zcroom\/double-room\/\">R\u00e9server<\/a><\/li>\r\n                            <\/ul>\r\n                        <\/div>\r\n                        <h4><a href=\"https:\/\/royalpalacehotel.biz\/fr\/zcroom\/double-room\/\"> Chambre double<\/a><\/h4> \r\n                       <p>Avec des vues sur la cour, un d\u00e9cor \u00e9l\u00e9gant et la lumi\u00e8re naturelle, nos chambres doubles sont la combinaison parfaite de la fonctionnalit\u00e9 et du confort.<\/p>\n                        <div class=\"icon\">\r\n                            <ul>\r\n                                 <li> <img decoding=\"async\" src=\"https:\/\/royalpalacehotel.biz\/wp-content\/uploads\/2023\/04\/sve-icon1.png\" alt=\"https:\/\/royalpalacehotel.biz\/wp-content\/uploads\/2023\/04\/sve-icon1.png\"><\/li><li> <img decoding=\"async\" src=\"https:\/\/royalpalacehotel.biz\/wp-content\/uploads\/2023\/04\/sve-icon2.png\" alt=\"https:\/\/royalpalacehotel.biz\/wp-content\/uploads\/2023\/04\/sve-icon2.png\"><\/li><li> <img decoding=\"async\" src=\"https:\/\/royalpalacehotel.biz\/wp-content\/uploads\/2023\/04\/sve-icon3.png\" alt=\"https:\/\/royalpalacehotel.biz\/wp-content\/uploads\/2023\/04\/sve-icon3.png\"><\/li><li> <img decoding=\"async\" src=\"https:\/\/royalpalacehotel.biz\/wp-content\/uploads\/2023\/04\/sve-icon4.png\" alt=\"https:\/\/royalpalacehotel.biz\/wp-content\/uploads\/2023\/04\/sve-icon4.png\"><\/li><li> <img decoding=\"async\" src=\"https:\/\/royalpalacehotel.biz\/wp-content\/uploads\/2023\/04\/sve-icon5.png\" alt=\"https:\/\/royalpalacehotel.biz\/wp-content\/uploads\/2023\/04\/sve-icon5.png\"><\/li><li> <img decoding=\"async\" src=\"https:\/\/royalpalacehotel.biz\/wp-content\/uploads\/2023\/04\/sve-icon6.png\" alt=\"https:\/\/royalpalacehotel.biz\/wp-content\/uploads\/2023\/04\/sve-icon6.png\"><\/li>                            <\/ul>\r\n                        <\/div>\r\n                    <\/div>\r\n                <\/div>\r\n            <\/div>     \r\n             \r\n                 \r\n            <div class=\"col-xl-4 col-md-6\">\r\n                <div class=\"single-services mb-30\">\r\n                    <div class=\"services-thumb\">\r\n                        <a href=\"https:\/\/royalpalacehotel.biz\/fr\/zcroom\/suite\/\">\r\n                            <img loading=\"lazy\" decoding=\"async\" width=\"960\" height=\"776\" src=\"https:\/\/royalpalacehotel.biz\/wp-content\/uploads\/2023\/04\/home-7.jpg\" class=\"attachment-post-thumbnail size-post-thumbnail wp-post-image\" alt=\"\" srcset=\"https:\/\/royalpalacehotel.biz\/wp-content\/uploads\/2023\/04\/home-7.jpg 960w, https:\/\/royalpalacehotel.biz\/wp-content\/uploads\/2023\/04\/home-7-300x243.jpg 300w, https:\/\/royalpalacehotel.biz\/wp-content\/uploads\/2023\/04\/home-7-768x621.jpg 768w\" sizes=\"auto, (max-width: 960px) 100vw, 960px\" \/>                        <\/a>\r\n                    <\/div>\r\n                    <div class=\"services-content\"> \r\n                        <div class=\"day-book\">\r\n                            <ul>\r\n                                <li> $300\/nuit\u00e9e<\/li>\r\n                                <li><a href=\"https:\/\/royalpalacehotel.biz\/fr\/zcroom\/suite\/\">R\u00e9server<\/a><\/li>\r\n                            <\/ul>\r\n                        <\/div>\r\n                        <h4><a href=\"https:\/\/royalpalacehotel.biz\/fr\/zcroom\/suite\/\"> Suite<\/a><\/h4> \r\n                       <p>Un luxe abordable. Nos suites sont l'option id\u00e9ale si vous recherchez un peu plus de luxe. Un cadre charmant, des chambres spacieuses mais incroyablement douillettes.<\/p>\n                        <div class=\"icon\">\r\n                            <ul>\r\n                                 <li> <img decoding=\"async\" src=\"https:\/\/royalpalacehotel.biz\/wp-content\/uploads\/2023\/04\/sve-icon1.png\" alt=\"https:\/\/royalpalacehotel.biz\/wp-content\/uploads\/2023\/04\/sve-icon1.png\"><\/li><li> <img decoding=\"async\" src=\"https:\/\/royalpalacehotel.biz\/wp-content\/uploads\/2023\/04\/sve-icon2.png\" alt=\"https:\/\/royalpalacehotel.biz\/wp-content\/uploads\/2023\/04\/sve-icon2.png\"><\/li><li> <img decoding=\"async\" src=\"https:\/\/royalpalacehotel.biz\/wp-content\/uploads\/2023\/04\/sve-icon3.png\" alt=\"https:\/\/royalpalacehotel.biz\/wp-content\/uploads\/2023\/04\/sve-icon3.png\"><\/li><li> <img decoding=\"async\" src=\"https:\/\/royalpalacehotel.biz\/wp-content\/uploads\/2023\/04\/sve-icon4.png\" alt=\"https:\/\/royalpalacehotel.biz\/wp-content\/uploads\/2023\/04\/sve-icon4.png\"><\/li><li> <img decoding=\"async\" src=\"https:\/\/royalpalacehotel.biz\/wp-content\/uploads\/2023\/04\/sve-icon5.png\" alt=\"https:\/\/royalpalacehotel.biz\/wp-content\/uploads\/2023\/04\/sve-icon5.png\"><\/li><li> <img decoding=\"async\" src=\"https:\/\/royalpalacehotel.biz\/wp-content\/uploads\/2023\/04\/sve-icon6.png\" alt=\"https:\/\/royalpalacehotel.biz\/wp-content\/uploads\/2023\/04\/sve-icon6.png\"><\/li>                            <\/ul>\r\n                        <\/div>\r\n                    <\/div>\r\n                <\/div>\r\n            <\/div>     \r\n             \r\n        <\/div>\r\n    <\/div>\r\n<\/section>\r\n<!-- room-area-end -->    \r\n\r\n\r\n\r\n\t\t<\/div>\n\t\t\t\t<\/div>\n\t\t\t\t\t<\/div>\n\t\t<\/div>\n\t\t\t\t\t\t\t<\/div>\n\t\t<\/section>\n\t\t\t\t<section class=\"elementor-section elementor-top-section elementor-element elementor-element-1670c83 elementor-section-full_width elementor-section-height-default elementor-section-height-default\" data-id=\"1670c83\" data-element_type=\"section\">\n\t\t\t\t\t\t<div class=\"elementor-container elementor-column-gap-no\">\n\t\t\t\t\t<div class=\"elementor-column elementor-col-100 elementor-top-column elementor-element elementor-element-60d4fc7\" data-id=\"60d4fc7\" data-element_type=\"column\">\n\t\t\t<div class=\"elementor-widget-wrap elementor-element-populated\">\n\t\t\t\t\t\t\t\t<div class=\"elementor-element elementor-element-68d967e elementor-widget elementor-widget-menu-anchor\" data-id=\"68d967e\" data-element_type=\"widget\" data-widget_type=\"menu-anchor.default\">\n\t\t\t\t<div class=\"elementor-widget-container\">\n\t\t\t<style>\/*! elementor - v3.12.2 - 23-04-2023 *\/\nbody.elementor-page .elementor-widget-menu-anchor{margin-bottom:0}<\/style>\t\t<div id=\"booking\" class=\"elementor-menu-anchor\"><\/div>\n\t\t\t\t<\/div>\n\t\t\t\t<\/div>\n\t\t\t\t<div class=\"elementor-element elementor-element-6b26d87 elementor-widget elementor-widget-Elementor_contacts_two\" data-id=\"6b26d87\" data-element_type=\"widget\" data-widget_type=\"Elementor_contacts_two.default\">\n\t\t\t\t<div class=\"elementor-widget-container\">\n\t\t\t\n<!-- booking-area -->\n<section class=\"booking pt-120 pb-120 p-relative fix\">\n    <div class=\"animations-01\"><img decoding=\"async\" src=\"https:\/\/wpdemo.zcubethemes.com\/riorelax\/wp-content\/uploads\/2023\/04\/an-img-01.png\" alt=\"https:\/\/wpdemo.zcubethemes.com\/riorelax\/wp-content\/uploads\/2023\/04\/an-img-01.png\"\/><\/div>\n    <div class=\"container\">\n        <div class=\"row align-items-center\">\n            <div class=\"col-lg-6 col-md-6\">\n                 <div class=\"contact-bg02\">\n                    <div class=\"section-title center-align\">\n                        <h5>Royal Palace Hotel<\/h5>\n                        <h2>\n                            R\u00e9server une chambre                         <\/h2>\n                    <\/div>                                \n                    \n<div class=\"wpcf7 no-js\" id=\"wpcf7-f207-o1\" lang=\"en-US\" dir=\"ltr\">\n<div class=\"screen-reader-response\"><p role=\"status\" aria-live=\"polite\" aria-atomic=\"true\"><\/p> <ul><\/ul><\/div>\n<form action=\"\/fr\/wp-json\/wp\/v2\/pages\/19#wpcf7-f207-o1\" method=\"post\" class=\"wpcf7-form init\" aria-label=\"Contact form\" novalidate=\"novalidate\" data-status=\"init\" data-trp-original-action=\"\/fr\/wp-json\/wp\/v2\/pages\/19#wpcf7-f207-o1\">\n<div style=\"display: none;\">\n<input type=\"hidden\" name=\"_wpcf7\" value=\"207\" \/>\n<input type=\"hidden\" name=\"_wpcf7_version\" value=\"5.7.6\" \/>\n<input type=\"hidden\" name=\"_wpcf7_locale\" value=\"en_US\" \/>\n<input type=\"hidden\" name=\"_wpcf7_unit_tag\" value=\"wpcf7-f207-o1\" \/>\n<input type=\"hidden\" name=\"_wpcf7_container_post\" value=\"0\" \/>\n<input type=\"hidden\" name=\"_wpcf7_posted_data_hash\" value=\"\" \/>\n<\/div>\n<div class=\"contact-form mt-30\">\n\t<div class=\"row\">\n\t\t<div class=\"col-lg-6 col-md-6\">\n\t\t\t<div class=\"contact-field p-relative c-name mb-20\">\n\t\t\t\t<p><label><i class=\"fal fa-badge-check\"><\/i> Date d'arriv\u00e9e<\/label><span class=\"wpcf7-form-control-wrap\" data-name=\"date-in\"><input class=\"wpcf7-form-control wpcf7-date wpcf7-validates-as-required wpcf7-validates-as-date\" aria-required=\"true\" aria-invalid=\"false\" value=\"\" type=\"date\" name=\"date-in\" \/><\/span>\n\t\t\t\t<\/p>\n\t\t\t<\/div>\n\t\t<\/div>\n\t\t<div class=\"col-lg-6 col-md-6\">\n\t\t\t<div class=\"contact-field p-relative c-subject mb-20\">\n\t\t\t\t<p><label><i class=\"fal fa-times-octagon\"><\/i> Date de sortie<\/label><span class=\"wpcf7-form-control-wrap\" data-name=\"date-out\"><input class=\"wpcf7-form-control wpcf7-date wpcf7-validates-as-required wpcf7-validates-as-date\" aria-required=\"true\" aria-invalid=\"false\" value=\"\" type=\"date\" name=\"date-out\" \/><\/span>\n\t\t\t\t<\/p>\n\t\t\t<\/div>\n\t\t<\/div>\n\t\t<div class=\"col-lg-6 col-md-6\">\n\t\t\t<div class=\"contact-field p-relative c-subject mb-20\">\n\t\t\t\t<p><label><i class=\"fal fa-users\"><\/i> Adultes<\/label><span class=\"wpcf7-form-control-wrap\" data-name=\"adults\"><select class=\"wpcf7-form-control wpcf7-select wpcf7-validates-as-required\" aria-required=\"true\" aria-invalid=\"false\" name=\"adults\"><option value=\"\">&#8212;Please choose an option&#8212;<\/option><option value=\"Adults\">Adultes<\/option><option value=\"1\">1<\/option><option value=\"2\">2<\/option><option value=\"3\">3<\/option><option value=\"4\">4<\/option><option value=\"5\">5<\/option><\/select><\/span>\n\t\t\t\t<\/p>\n\t\t\t<\/div>\n\t\t<\/div>\n\t\t<div class=\"col-lg-6 col-md-6\">\n\t\t\t<div class=\"contact-field p-relative c-option mb-20\">\n\t\t\t\t<p><label><i class=\"fal fa-concierge-bell\"><\/i> Chambre<\/label><span class=\"wpcf7-form-control-wrap\" data-name=\"room\"><select class=\"wpcf7-form-control wpcf7-select wpcf7-validates-as-required\" aria-required=\"true\" aria-invalid=\"false\" name=\"room\"><option value=\"\">&#8212;Please choose an option&#8212;<\/option><option value=\"Room\">Chambre<\/option><option value=\"1\">1<\/option><option value=\"2\">2<\/option><option value=\"3\">3<\/option><option value=\"4\">4<\/option><option value=\"5\">5<\/option><\/select><\/span>\n\t\t\t\t<\/p>\n\t\t\t<\/div>\n\t\t<\/div>\n\t\t<div class=\"col-lg-6 col-md-6\">\n\t\t\t<div class=\"contact-field p-relative c-option mb-20\">\n\t\t\t\t<p><label><i class=\"far fa-user\"><\/i> Votre nom<\/label><span class=\"wpcf7-form-control-wrap\" data-name=\"your-name\"><input size=\"40\" class=\"wpcf7-form-control wpcf7-text wpcf7-validates-as-required\" aria-required=\"true\" aria-invalid=\"false\" placeholder=\"Votre nom\" value=\"\" type=\"text\" name=\"your-name\" \/><\/span>\n\t\t\t\t<\/p>\n\t\t\t<\/div>\n\t\t<\/div>\n\t\t<div class=\"col-lg-6 col-md-6\">\n\t\t\t<div class=\"contact-field p-relative c-option mb-20\">\n\t\t\t\t<p><label><i class=\"far fa-phone\"><\/i> T\u00e9l\u00e9phone<\/label><span class=\"wpcf7-form-control-wrap\" data-name=\"your-phone\"><input size=\"40\" class=\"wpcf7-form-control wpcf7-text wpcf7-validates-as-required\" aria-required=\"true\" aria-invalid=\"false\" placeholder=\"T\u00e9l\u00e9phone\" value=\"\" type=\"text\" name=\"your-phone\" \/><\/span>\n\t\t\t\t<\/p>\n\t\t\t<\/div>\n\t\t<\/div>\n\t\t<div class=\"col-lg-12\">\n\t\t\t<div class=\"slider-btn mt-15\">\n\t\t\t\t<p><button class=\"btn ss-btn\" data-animation=\"fadeInRight\" data-delay=\".8s\"><span>R\u00e9server une chambre<\/span><\/button>\n\t\t\t\t<\/p>\n\t\t\t<\/div>\n\t\t<\/div>\n\t<\/div>\n<\/div><div class=\"wpcf7-response-output\" aria-hidden=\"true\"><\/div>\n<input type=\"hidden\" name=\"trp-form-language\" value=\"fr\"\/><\/form>\n<\/div>\n                    \n                <\/div>  \n\n            <\/div>\n            <div class=\"col-lg-6 col-md-6\">\n                 <div class=\"booking-img\">\n                     <img decoding=\"async\" src=\"https:\/\/royalpalacehotel.biz\/wp-content\/uploads\/2023\/04\/Untitled3.jpg\" alt=\"https:\/\/royalpalacehotel.biz\/wp-content\/uploads\/2023\/04\/Untitled3.jpg\">\n                <\/div>\n            <\/div>\n        <\/div>\n    <\/div>\n<\/section>\n<!-- booking-area-end -->\t\t\t<\/div>\n\t\t\t\t<\/div>\n\t\t\t\t\t<\/div>\n\t\t<\/div>\n\t\t\t\t\t\t\t<\/div>\n\t\t<\/section>\n\t\t\t\t\t\t\t<\/div>","protected":false},"excerpt":{"rendered":"","protected":false},"author":1,"featured_media":0,"parent":0,"menu_order":0,"comment_status":"closed","ping_status":"closed","template":"inside.php","meta":{"_joinchat":[],"footnotes":""},"class_list":["post-19","page","type-page","status-publish","hentry"],"_links":{"self":[{"href":"https:\/\/royalpalacehotel.biz\/fr\/wp-json\/wp\/v2\/pages\/19","targetHints":{"allow":["GET"]}}],"collection":[{"href":"https:\/\/royalpalacehotel.biz\/fr\/wp-json\/wp\/v2\/pages"}],"about":[{"href":"https:\/\/royalpalacehotel.biz\/fr\/wp-json\/wp\/v2\/types\/page"}],"author":[{"embeddable":true,"href":"https:\/\/royalpalacehotel.biz\/fr\/wp-json\/wp\/v2\/users\/1"}],"replies":[{"embeddable":true,"href":"https:\/\/royalpalacehotel.biz\/fr\/wp-json\/wp\/v2\/comments?post=19"}],"version-history":[{"count":9,"href":"https:\/\/royalpalacehotel.biz\/fr\/wp-json\/wp\/v2\/pages\/19\/revisions"}],"predecessor-version":[{"id":728,"href":"https:\/\/royalpalacehotel.biz\/fr\/wp-json\/wp\/v2\/pages\/19\/revisions\/728"}],"wp:attachment":[{"href":"https:\/\/royalpalacehotel.biz\/fr\/wp-json\/wp\/v2\/media?parent=19"}],"curies":[{"name":"wp","href":"https:\/\/api.w.org\/{rel}","templated":true}]}}